{"id":2606,"date":"2026-03-16T19:02:03","date_gmt":"2026-03-16T19:02:03","guid":{"rendered":"https:\/\/lusomunifix.pt\/?page_id=2606"},"modified":"2026-03-20T18:44:28","modified_gmt":"2026-03-20T18:44:28","slug":"pagina-de-loja","status":"publish","type":"page","link":"https:\/\/lusomunifix.pt\/en\/pagina-de-loja\/","title":{"rendered":"Pagina de Loja"},"content":{"rendered":"<div data-elementor-type=\"wp-page\" data-elementor-id=\"2606\" class=\"elementor elementor-2606\">\n\t\t\t\t<div class=\"elementor-element elementor-element-83fe109 e-flex e-con-boxed e-con e-parent\" data-id=\"83fe109\" data-element_type=\"container\" data-e-type=\"container\">\n\t\t\t\t\t<div class=\"e-con-inner\">\n\t\t\t\t<div class=\"elementor-element elementor-element-865efc5 elementor-widget-divider--view-line elementor-widget elementor-widget-divider\" data-id=\"865efc5\" data-element_type=\"widget\" data-e-type=\"widget\" data-widget_type=\"divider.default\">\n\t\t\t\t\t\t\t<div class=\"elementor-divider\">\n\t\t\t<span class=\"elementor-divider-separator\">\n\t\t\t\t\t\t<\/span>\n\t\t<\/div>\n\t\t\t\t\t\t<\/div>\n\t\t\t\t<div class=\"elementor-element elementor-element-670fef9 elementor-widget elementor-widget-heading\" data-id=\"670fef9\" data-element_type=\"widget\" data-e-type=\"widget\" data-widget_type=\"heading.default\">\n\t\t\t\t\t<h2 class=\"elementor-heading-title elementor-size-default\">Shop by Category<\/h2>\t\t\t\t<\/div>\n\t\t\t\t<div class=\"elementor-element elementor-element-32803a6 elementor-widget elementor-widget-heading\" data-id=\"32803a6\" data-element_type=\"widget\" data-e-type=\"widget\" data-widget_type=\"heading.default\">\n\t\t\t\t\t<p class=\"elementor-heading-title elementor-size-default\">Browse our categories<\/p>\t\t\t\t<\/div>\n\t\t\t\t<div class=\"elementor-element elementor-element-86f3693 elementor-widget elementor-widget-ucaddon_woocommerce_category_grid\" data-id=\"86f3693\" data-element_type=\"widget\" data-e-type=\"widget\" data-widget_type=\"ucaddon_woocommerce_category_grid.default\">\n\t\t\t\t<div class=\"elementor-widget-container\">\n\t\t\t\t\t\n<!-- start Woo Category Grid -->\n<style>\/* widget: Woo Category Grid *\/\n\n\n\n#uc_woocommerce_category_grid_elementor_86f3693 * {\n\tbox-sizing: border-box;\t\n}\n.uc_post_grid_style_one .uc_post_grid_style_one_item {\n\toverflow: hidden;\n  \tposition: relative;\n}\n.uc_post_grid_style_one .uc_post_grid_style_one_image {\n\twidth: 100%;\n\toverflow: hidden;\n\tdisplay: block;\n}\n\n.uc_post_grid_style_one .uc_post_image {\n\tbackground-position: center center;\n\tbackground-repeat: no-repeat;\n\tdisplay: block;\n\ttransition: all 0.25s ease-in-out;\n}\n.uc_post_grid_style_one .ue_taxonomy_image {\n\tbackground-color: white;\n\tpadding:16px;\n}\n.uc_post_grid_style_one .ue_taxonomy_image .uc-term-image{\n\twidth:100%;\n\theight:100%;\n}\n.uc_post_grid_style_one .uc_title {\n    font-size: 21px;\n}\n#uc_woocommerce_category_grid_elementor_86f3693 a.uc_btn {\n\ttext-decoration: none;\n    display:block;\n}\n\n\n#uc_woocommerce_category_grid_elementor_86f3693.uc_post_grid_style_one .uc_post_grid_style_one_wrap {\n    display: grid;\n}\n\n\n#uc_woocommerce_category_grid_elementor_86f3693 .uc_post_grid_style_one_item_num_posts_spacer\n{\n  display: inline-block;\n}\n\n\n\n\n\n\n\n<\/style>\n\n<div class=\"uc_post_grid_style_one\" id=\"uc_woocommerce_category_grid_elementor_86f3693\" style=\"direction:ltr;text-align:center;\">\n\t\t<div class=\"uc_post_grid_style_one_wrap\">\n\t\t\t<!-- start item -->\n                    \t\t<div class=\"uc_post_grid_style_one_item ue-grid-item-woo\">\n                    <div>\n                      <a class=\"uc_post_grid_style_one_image\" href=\"https:\/\/lusomunifix.pt\/en\/product-category\/ferramentas-construcao\/\" target=\"_self\">\n                        \n                                                \n                        \t<div class=\"uc_post_image\" style=\"background-image: url(https:\/\/lusomunifix.pt\/wp-content\/uploads\/2026\/03\/35-1024x1024.jpg);\"><\/div>\n                        \n\t\t\t\t\t\t                        \n                      <\/a>\n                    <\/div>\n                    <div class=\"uc_content\">\n                       <div>  \n                          \n                         \t<div class=\"uc_title\"><a href=\"https:\/\/lusomunifix.pt\/en\/product-category\/ferramentas-construcao\/\">Construction tools<\/a>\n                         \t                         \t<\/div>\n                                                  \n                                                                        <\/div>\n                    <\/div>\n                  <\/div>\n                    \t\t<div class=\"uc_post_grid_style_one_item ue-grid-item-woo\">\n                    <div>\n                      <a class=\"uc_post_grid_style_one_image\" href=\"https:\/\/lusomunifix.pt\/en\/product-category\/ferramentas-de-oficina-mecanica\/\" target=\"_self\">\n                        \n                                                \n                        \t<div class=\"uc_post_image\" style=\"background-image: url(https:\/\/lusomunifix.pt\/wp-content\/uploads\/2026\/03\/151-1024x1024.jpg);\"><\/div>\n                        \n\t\t\t\t\t\t                        \n                      <\/a>\n                    <\/div>\n                    <div class=\"uc_content\">\n                       <div>  \n                          \n                         \t<div class=\"uc_title\"><a href=\"https:\/\/lusomunifix.pt\/en\/product-category\/ferramentas-de-oficina-mecanica\/\">Workshop Tools \/ Mechanics<\/a>\n                         \t                         \t<\/div>\n                                                  \n                                                                        <\/div>\n                    <\/div>\n                  <\/div>\n                    \t\t<div class=\"uc_post_grid_style_one_item ue-grid-item-woo\">\n                    <div>\n                      <a class=\"uc_post_grid_style_one_image\" href=\"https:\/\/lusomunifix.pt\/en\/product-category\/ferramentas-eletricas\/\" target=\"_self\">\n                        \n                                                \n                        \t<div class=\"uc_post_image\" style=\"background-image: url(https:\/\/lusomunifix.pt\/wp-content\/uploads\/2026\/03\/143-1024x1024.png);\"><\/div>\n                        \n\t\t\t\t\t\t                        \n                      <\/a>\n                    <\/div>\n                    <div class=\"uc_content\">\n                       <div>  \n                          \n                         \t<div class=\"uc_title\"><a href=\"https:\/\/lusomunifix.pt\/en\/product-category\/ferramentas-eletricas\/\">Power Tools<\/a>\n                         \t                         \t<\/div>\n                                                  \n                                                                        <\/div>\n                    <\/div>\n                  <\/div>\n                    \t\t<div class=\"uc_post_grid_style_one_item ue-grid-item-woo\">\n                    <div>\n                      <a class=\"uc_post_grid_style_one_image\" href=\"https:\/\/lusomunifix.pt\/en\/product-category\/ferramentas-manuais\/\" target=\"_self\">\n                        \n                                                \n                        \t<div class=\"uc_post_image\" style=\"background-image: url(https:\/\/lusomunifix.pt\/wp-content\/uploads\/2026\/03\/162-1024x1024.jpg);\"><\/div>\n                        \n\t\t\t\t\t\t                        \n                      <\/a>\n                    <\/div>\n                    <div class=\"uc_content\">\n                       <div>  \n                          \n                         \t<div class=\"uc_title\"><a href=\"https:\/\/lusomunifix.pt\/en\/product-category\/ferramentas-manuais\/\">Hand tools<\/a>\n                         \t                         \t<\/div>\n                                                  \n                                                                        <\/div>\n                    <\/div>\n                  <\/div>\n                    \t\t<div class=\"uc_post_grid_style_one_item ue-grid-item-woo\">\n                    <div>\n                      <a class=\"uc_post_grid_style_one_image\" href=\"https:\/\/lusomunifix.pt\/en\/product-category\/geral\/\" target=\"_self\">\n                        \n                                                \n                        \t<div class=\"uc_post_image\" style=\"background-image: url(https:\/\/lusomunifix.pt\/wp-content\/uploads\/2026\/03\/5-1024x1024.jpg);\"><\/div>\n                        \n\t\t\t\t\t\t                        \n                      <\/a>\n                    <\/div>\n                    <div class=\"uc_content\">\n                       <div>  \n                          \n                         \t<div class=\"uc_title\"><a href=\"https:\/\/lusomunifix.pt\/en\/product-category\/geral\/\">Geral<\/a>\n                         \t                         \t<\/div>\n                                                  \n                                                                        <\/div>\n                    <\/div>\n                  <\/div>\n                    \t\t<div class=\"uc_post_grid_style_one_item ue-grid-item-woo\">\n                    <div>\n                      <a class=\"uc_post_grid_style_one_image\" href=\"https:\/\/lusomunifix.pt\/en\/product-category\/jardim\/\" target=\"_self\">\n                        \n                                                \n                        \t<div class=\"uc_post_image\" style=\"background-image: url(https:\/\/lusomunifix.pt\/wp-content\/uploads\/2026\/03\/101-1024x1024.jpg);\"><\/div>\n                        \n\t\t\t\t\t\t                        \n                      <\/a>\n                    <\/div>\n                    <div class=\"uc_content\">\n                       <div>  \n                          \n                         \t<div class=\"uc_title\"><a href=\"https:\/\/lusomunifix.pt\/en\/product-category\/jardim\/\">Garden<\/a>\n                         \t                         \t<\/div>\n                                                  \n                                                                        <\/div>\n                    <\/div>\n                  <\/div>\n                    \t\t<div class=\"uc_post_grid_style_one_item ue-grid-item-woo\">\n                    <div>\n                      <a class=\"uc_post_grid_style_one_image\" href=\"https:\/\/lusomunifix.pt\/en\/product-category\/protecao-e-seguranca\/\" target=\"_self\">\n                        \n                                                \n                        \t<div class=\"uc_post_image\" style=\"background-image: url(https:\/\/lusomunifix.pt\/wp-content\/uploads\/2026\/03\/203-1024x1024.png);\"><\/div>\n                        \n\t\t\t\t\t\t                        \n                      <\/a>\n                    <\/div>\n                    <div class=\"uc_content\">\n                       <div>  \n                          \n                         \t<div class=\"uc_title\"><a href=\"https:\/\/lusomunifix.pt\/en\/product-category\/protecao-e-seguranca\/\">Safety and security<\/a>\n                         \t                         \t<\/div>\n                                                  \n                                                                        <\/div>\n                    <\/div>\n                  <\/div>\n                 \n            <!-- end item -->\n\t\t<\/div>\n\t<\/div>\n<!-- end Woo Category Grid -->\t\t\t\t<\/div>\n\t\t\t\t<\/div>\n\t\t\t\t\t<\/div>\n\t\t\t\t<\/div>\n\t\t\t\t<\/div>","protected":false},"excerpt":{"rendered":"<p>Compre por Categorias Precorra as nossas categorias Ferramentas Constru\u00e7\u00e3o Ferramentas de Oficina \/ Mec\u00e2nica Ferramentas El\u00e9tricas Ferramentas Manuais Geral Jardim Prote\u00e7\u00e3o e Seguran\u00e7a<\/p>","protected":false},"author":1,"featured_media":0,"parent":0,"menu_order":0,"comment_status":"closed","ping_status":"closed","template":"","meta":{"_bst_post_transparent":"default","_bst_post_title":"hide","_bst_post_layout":"fullwidth","_bst_post_sidebar_id":"","_bst_post_content_style":"unboxed","_bst_post_vertical_padding":"hide","_bst_post_feature":"hide","_bst_post_feature_position":"","_bst_post_header":false,"_bst_post_footer":false,"_joinchat":[],"footnotes":""},"class_list":["post-2606","page","type-page","status-publish","hentry"],"_links":{"self":[{"href":"https:\/\/lusomunifix.pt\/en\/wp-json\/wp\/v2\/pages\/2606","targetHints":{"allow":["GET"]}}],"collection":[{"href":"https:\/\/lusomunifix.pt\/en\/wp-json\/wp\/v2\/pages"}],"about":[{"href":"https:\/\/lusomunifix.pt\/en\/wp-json\/wp\/v2\/types\/page"}],"author":[{"embeddable":true,"href":"https:\/\/lusomunifix.pt\/en\/wp-json\/wp\/v2\/users\/1"}],"replies":[{"embeddable":true,"href":"https:\/\/lusomunifix.pt\/en\/wp-json\/wp\/v2\/comments?post=2606"}],"version-history":[{"count":8,"href":"https:\/\/lusomunifix.pt\/en\/wp-json\/wp\/v2\/pages\/2606\/revisions"}],"predecessor-version":[{"id":3927,"href":"https:\/\/lusomunifix.pt\/en\/wp-json\/wp\/v2\/pages\/2606\/revisions\/3927"}],"wp:attachment":[{"href":"https:\/\/lusomunifix.pt\/en\/wp-json\/wp\/v2\/media?parent=2606"}],"curies":[{"name":"wp","href":"https:\/\/api.w.org\/{rel}","templated":true}]}}