{"id":3488,"date":"2026-03-19T09:47:35","date_gmt":"2026-03-19T09:47:35","guid":{"rendered":"https:\/\/lusomunifix.pt\/product\/aparelhos-diferencas-em-aco-tratado-1ton\/"},"modified":"2026-04-28T10:54:14","modified_gmt":"2026-04-28T10:54:14","slug":"aparelhos-difrenciais-em-aco-tratado-de-alta-resistencia-corrente-de-levantamento-calibrada-6-5mmcomprimento-3-mts-gancho-com-lingueta-de-seguranca","status":"publish","type":"product","link":"https:\/\/lusomunifix.pt\/en\/product\/aparelhos-difrenciais-em-aco-tratado-de-alta-resistencia-corrente-de-levantamento-calibrada-6-5mmcomprimento-3-mts-gancho-com-lingueta-de-seguranca\/","title":{"rendered":"APARELHOS DIFR\u00caNCIAIS EM A\u00c7O TRATADO DE ALTA RESIST\u00caNCIA, CORRENTE DE LEVANTAMENTO CALIBRADA, GANCHO COM LINGUETA DE SEGURAN\u00c7A."},"content":{"rendered":"","protected":false},"excerpt":{"rendered":"","protected":false},"featured_media":3656,"comment_status":"closed","ping_status":"closed","template":"","meta":{"_bst_post_transparent":"default","_bst_post_title":"","_bst_post_layout":"default","_bst_post_sidebar_id":"","_bst_post_content_style":"default","_bst_post_vertical_padding":"default","_bst_post_feature":"","_bst_post_feature_position":"","_bst_post_header":false,"_bst_post_footer":false,"_joinchat":[]},"product_brand":[],"product_cat":[98],"product_tag":[],"product_brands":[103],"class_list":{"0":"post-3488","1":"product","2":"type-product","3":"status-publish","4":"has-post-thumbnail","6":"product_cat-ferramentas-de-oficina-mecanica","7":"product_brands-hardman","9":"first","10":"instock","11":"purchasable","12":"product-type-variable","13":"entry","14":"content-bg","15":"loop-entry"},"_links":{"self":[{"href":"https:\/\/lusomunifix.pt\/en\/wp-json\/wp\/v2\/product\/3488","targetHints":{"allow":["GET"]}}],"collection":[{"href":"https:\/\/lusomunifix.pt\/en\/wp-json\/wp\/v2\/product"}],"about":[{"href":"https:\/\/lusomunifix.pt\/en\/wp-json\/wp\/v2\/types\/product"}],"replies":[{"embeddable":true,"href":"https:\/\/lusomunifix.pt\/en\/wp-json\/wp\/v2\/comments?post=3488"}],"wp:featuredmedia":[{"embeddable":true,"href":"https:\/\/lusomunifix.pt\/en\/wp-json\/wp\/v2\/media\/3656"}],"wp:attachment":[{"href":"https:\/\/lusomunifix.pt\/en\/wp-json\/wp\/v2\/media?parent=3488"}],"wp:term":[{"taxonomy":"product_brand","embeddable":true,"href":"https:\/\/lusomunifix.pt\/en\/wp-json\/wp\/v2\/product_brand?post=3488"},{"taxonomy":"product_cat","embeddable":true,"href":"https:\/\/lusomunifix.pt\/en\/wp-json\/wp\/v2\/product_cat?post=3488"},{"taxonomy":"product_tag","embeddable":true,"href":"https:\/\/lusomunifix.pt\/en\/wp-json\/wp\/v2\/product_tag?post=3488"},{"taxonomy":"product_brands","embeddable":true,"href":"https:\/\/lusomunifix.pt\/en\/wp-json\/wp\/v2\/product_brands?post=3488"}],"curies":[{"name":"wp","href":"https:\/\/api.w.org\/{rel}","templated":true}]}}