{"id":3489,"date":"2026-03-19T09:47:35","date_gmt":"2026-03-19T09:47:35","guid":{"rendered":"https:\/\/lusomunifix.pt\/product\/aparelhos-de-arrastamento-aco-tratado-2ton\/"},"modified":"2026-04-28T10:58:07","modified_gmt":"2026-04-28T10:58:07","slug":"aparelhos-de-arrasto-aco-tratado-de-alta-resistencia-com-cabo-de-traccao-gancho-com-lingueta-de-seguranca","status":"publish","type":"product","link":"https:\/\/lusomunifix.pt\/en\/product\/aparelhos-de-arrasto-aco-tratado-de-alta-resistencia-com-cabo-de-traccao-gancho-com-lingueta-de-seguranca\/","title":{"rendered":"APARELHOS DE ARRASTO A\u00c7O TRATADO DE ALTA RESIST\u00caNCIA, COM CABO DE TRAC\u00c7\u00c3O, GANCHO COM LINGUETA DE SEGURAN\u00c7A"},"content":{"rendered":"","protected":false},"excerpt":{"rendered":"","protected":false},"featured_media":3661,"comment_status":"closed","ping_status":"closed","template":"","meta":{"_bst_post_transparent":"default","_bst_post_title":"","_bst_post_layout":"default","_bst_post_sidebar_id":"","_bst_post_content_style":"default","_bst_post_vertical_padding":"default","_bst_post_feature":"","_bst_post_feature_position":"","_bst_post_header":false,"_bst_post_footer":false,"_joinchat":[]},"product_brand":[],"product_cat":[98],"product_tag":[],"product_brands":[103],"class_list":{"0":"post-3489","1":"product","2":"type-product","3":"status-publish","4":"has-post-thumbnail","6":"product_cat-ferramentas-de-oficina-mecanica","7":"product_brands-hardman","9":"first","10":"instock","11":"purchasable","12":"product-type-variable","13":"entry","14":"content-bg","15":"loop-entry"},"_links":{"self":[{"href":"https:\/\/lusomunifix.pt\/en\/wp-json\/wp\/v2\/product\/3489","targetHints":{"allow":["GET"]}}],"collection":[{"href":"https:\/\/lusomunifix.pt\/en\/wp-json\/wp\/v2\/product"}],"about":[{"href":"https:\/\/lusomunifix.pt\/en\/wp-json\/wp\/v2\/types\/product"}],"replies":[{"embeddable":true,"href":"https:\/\/lusomunifix.pt\/en\/wp-json\/wp\/v2\/comments?post=3489"}],"wp:featuredmedia":[{"embeddable":true,"href":"https:\/\/lusomunifix.pt\/en\/wp-json\/wp\/v2\/media\/3661"}],"wp:attachment":[{"href":"https:\/\/lusomunifix.pt\/en\/wp-json\/wp\/v2\/media?parent=3489"}],"wp:term":[{"taxonomy":"product_brand","embeddable":true,"href":"https:\/\/lusomunifix.pt\/en\/wp-json\/wp\/v2\/product_brand?post=3489"},{"taxonomy":"product_cat","embeddable":true,"href":"https:\/\/lusomunifix.pt\/en\/wp-json\/wp\/v2\/product_cat?post=3489"},{"taxonomy":"product_tag","embeddable":true,"href":"https:\/\/lusomunifix.pt\/en\/wp-json\/wp\/v2\/product_tag?post=3489"},{"taxonomy":"product_brands","embeddable":true,"href":"https:\/\/lusomunifix.pt\/en\/wp-json\/wp\/v2\/product_brands?post=3489"}],"curies":[{"name":"wp","href":"https:\/\/api.w.org\/{rel}","templated":true}]}}