{"id":4500,"date":"2026-03-21T18:36:57","date_gmt":"2026-03-21T18:36:57","guid":{"rendered":"https:\/\/lusomunifix.pt\/product\/mascara-cirurgica\/"},"modified":"2026-03-26T11:01:09","modified_gmt":"2026-03-26T11:01:09","slug":"mascara-cirurgica","status":"publish","type":"product","link":"https:\/\/lusomunifix.pt\/en\/product\/mascara-cirurgica\/","title":{"rendered":"M\u00e1scara Cir\u00fargica"},"content":{"rendered":"<p>M\u00e1scara cir\u00fargica tipo IIR,<\/p>\n<p>Filtra\u00e7\u00e3o \u226598%;<\/p>\n<p>Caixa de 50 un;<\/p>\n<p>Produzida em Portugal.<\/p>\n<p><a href=\"https:\/\/lusomunifix.pt\/wp-content\/uploads\/2026\/03\/MC-300.pdf\"><img fetchpriority=\"high\" decoding=\"async\" class=\"alignnone wp-image-3726 size-medium\" src=\"https:\/\/lusomunifix.pt\/wp-content\/uploads\/2026\/03\/button_ficha-tecnica-1-300x300.png\" alt=\"\" width=\"300\" height=\"300\" srcset=\"https:\/\/lusomunifix.pt\/wp-content\/uploads\/2026\/03\/button_ficha-tecnica-1-300x300.png 300w, https:\/\/lusomunifix.pt\/wp-content\/uploads\/2026\/03\/button_ficha-tecnica-1-700x700.png 700w, https:\/\/lusomunifix.pt\/wp-content\/uploads\/2026\/03\/button_ficha-tecnica-1-100x100.png 100w, https:\/\/lusomunifix.pt\/wp-content\/uploads\/2026\/03\/button_ficha-tecnica-1-150x150.png 150w, https:\/\/lusomunifix.pt\/wp-content\/uploads\/2026\/03\/button_ficha-tecnica-1-768x768.png 768w, https:\/\/lusomunifix.pt\/wp-content\/uploads\/2026\/03\/button_ficha-tecnica-1-1024x1024.png 1024w\" sizes=\"(max-width: 300px) 100vw, 300px\" \/><\/a><\/p>","protected":false},"excerpt":{"rendered":"<p>MC-300<\/p>","protected":false},"featured_media":4499,"comment_status":"open","ping_status":"closed","template":"","meta":{"_bst_post_transparent":"default","_bst_post_title":"","_bst_post_layout":"default","_bst_post_sidebar_id":"","_bst_post_content_style":"default","_bst_post_vertical_padding":"default","_bst_post_feature":"","_bst_post_feature_position":"","_bst_post_header":false,"_bst_post_footer":false,"_joinchat":[]},"product_brand":[],"product_cat":[186],"product_tag":[],"product_brands":[],"class_list":{"0":"post-4500","1":"product","2":"type-product","3":"status-publish","4":"has-post-thumbnail","6":"product_cat-protecao","8":"first","9":"instock","10":"shipping-taxable","11":"purchasable","12":"product-type-simple","13":"entry","14":"content-bg","15":"loop-entry"},"_links":{"self":[{"href":"https:\/\/lusomunifix.pt\/en\/wp-json\/wp\/v2\/product\/4500","targetHints":{"allow":["GET"]}}],"collection":[{"href":"https:\/\/lusomunifix.pt\/en\/wp-json\/wp\/v2\/product"}],"about":[{"href":"https:\/\/lusomunifix.pt\/en\/wp-json\/wp\/v2\/types\/product"}],"replies":[{"embeddable":true,"href":"https:\/\/lusomunifix.pt\/en\/wp-json\/wp\/v2\/comments?post=4500"}],"wp:featuredmedia":[{"embeddable":true,"href":"https:\/\/lusomunifix.pt\/en\/wp-json\/wp\/v2\/media\/4499"}],"wp:attachment":[{"href":"https:\/\/lusomunifix.pt\/en\/wp-json\/wp\/v2\/media?parent=4500"}],"wp:term":[{"taxonomy":"product_brand","embeddable":true,"href":"https:\/\/lusomunifix.pt\/en\/wp-json\/wp\/v2\/product_brand?post=4500"},{"taxonomy":"product_cat","embeddable":true,"href":"https:\/\/lusomunifix.pt\/en\/wp-json\/wp\/v2\/product_cat?post=4500"},{"taxonomy":"product_tag","embeddable":true,"href":"https:\/\/lusomunifix.pt\/en\/wp-json\/wp\/v2\/product_tag?post=4500"},{"taxonomy":"product_brands","embeddable":true,"href":"https:\/\/lusomunifix.pt\/en\/wp-json\/wp\/v2\/product_brands?post=4500"}],"curies":[{"name":"wp","href":"https:\/\/api.w.org\/{rel}","templated":true}]}}