{"id":4727,"date":"2026-03-26T14:19:04","date_gmt":"2026-03-26T14:19:04","guid":{"rendered":"https:\/\/lusomunifix.pt\/?post_type=product&#038;p=4727"},"modified":"2026-03-26T14:21:23","modified_gmt":"2026-03-26T14:21:23","slug":"sapato-preto-s2","status":"publish","type":"product","link":"https:\/\/lusomunifix.pt\/en\/product\/sapato-preto-s2\/","title":{"rendered":"Sapato Preto S2"},"content":{"rendered":"<p>Em pele\/microfibra;<\/p>\n<p>Biqueira em a\u00e7o;<\/p>\n<p>Resistente a \u00e1gua;<\/p>\n<p><a href=\"https:\/\/lusomunifix.pt\/wp-content\/uploads\/2026\/03\/2055-P.pdf\">FICHA T\u00c9CNICA<\/a><\/p>","protected":false},"excerpt":{"rendered":"<p>Em pele\/microfibra; Biqueira em a\u00e7o; Resistente a \u00e1gua; FICHA T\u00c9CNICA<\/p>","protected":false},"featured_media":4741,"comment_status":"open","ping_status":"closed","template":"","meta":{"_bst_post_transparent":"default","_bst_post_title":"","_bst_post_layout":"default","_bst_post_sidebar_id":"","_bst_post_content_style":"default","_bst_post_vertical_padding":"default","_bst_post_feature":"","_bst_post_feature_position":"","_bst_post_header":false,"_bst_post_footer":false,"_joinchat":[]},"product_brand":[],"product_cat":[187],"product_tag":[],"product_brands":[],"class_list":{"0":"post-4727","1":"product","2":"type-product","3":"status-publish","4":"has-post-thumbnail","6":"product_cat-calcado","8":"first","9":"instock","10":"shipping-taxable","11":"product-type-variable","12":"entry","13":"content-bg","14":"loop-entry"},"_links":{"self":[{"href":"https:\/\/lusomunifix.pt\/en\/wp-json\/wp\/v2\/product\/4727","targetHints":{"allow":["GET"]}}],"collection":[{"href":"https:\/\/lusomunifix.pt\/en\/wp-json\/wp\/v2\/product"}],"about":[{"href":"https:\/\/lusomunifix.pt\/en\/wp-json\/wp\/v2\/types\/product"}],"replies":[{"embeddable":true,"href":"https:\/\/lusomunifix.pt\/en\/wp-json\/wp\/v2\/comments?post=4727"}],"wp:featuredmedia":[{"embeddable":true,"href":"https:\/\/lusomunifix.pt\/en\/wp-json\/wp\/v2\/media\/4741"}],"wp:attachment":[{"href":"https:\/\/lusomunifix.pt\/en\/wp-json\/wp\/v2\/media?parent=4727"}],"wp:term":[{"taxonomy":"product_brand","embeddable":true,"href":"https:\/\/lusomunifix.pt\/en\/wp-json\/wp\/v2\/product_brand?post=4727"},{"taxonomy":"product_cat","embeddable":true,"href":"https:\/\/lusomunifix.pt\/en\/wp-json\/wp\/v2\/product_cat?post=4727"},{"taxonomy":"product_tag","embeddable":true,"href":"https:\/\/lusomunifix.pt\/en\/wp-json\/wp\/v2\/product_tag?post=4727"},{"taxonomy":"product_brands","embeddable":true,"href":"https:\/\/lusomunifix.pt\/en\/wp-json\/wp\/v2\/product_brands?post=4727"}],"curies":[{"name":"wp","href":"https:\/\/api.w.org\/{rel}","templated":true}]}}