{"id":5388,"date":"2026-04-13T08:20:15","date_gmt":"2026-04-13T08:20:15","guid":{"rendered":"https:\/\/lusomunifix.pt\/?post_type=product&#038;p=5388"},"modified":"2026-04-13T08:20:15","modified_gmt":"2026-04-13T08:20:15","slug":"capacete-de-ajuste-simples","status":"publish","type":"product","link":"https:\/\/lusomunifix.pt\/en\/product\/capacete-de-ajuste-simples\/","title":{"rendered":"Capacete de ajuste simples"},"content":{"rendered":"<p>Capacete em polipropileno de alta densidade.<\/p>\n<p>Ajuste traseiro simples;<\/p>\n<p>Cinta de queixo;<\/p>\n<p>Ventila\u00e7\u00e3o em 8 pontos;<\/p>\n<p>Encaixe universal para acess\u00f3rios<\/p>\n<p>Tamanho \u00fanico: 51 &#8211; 63 cm<\/p>\n<div class=\"mt-4 pt-3 border-top\"><a href=\"https:\/\/lusomunifix.pt\/wp-content\/uploads\/2026\/04\/CP-01.pdf\">FICHA T\u00c9CNICA<\/a><\/div>","protected":false},"excerpt":{"rendered":"<p>Capacete em polipropileno de alta densidade. Ajuste traseiro simples; Cinta de queixo; Ventila\u00e7\u00e3o em 8 pontos; Encaixe universal para acess\u00f3rios Tamanho \u00fanico: 51 &#8211; 63 cm FICHA T\u00c9CNICA<\/p>","protected":false},"featured_media":5395,"comment_status":"open","ping_status":"closed","template":"","meta":{"_bst_post_transparent":"default","_bst_post_title":"","_bst_post_layout":"default","_bst_post_sidebar_id":"","_bst_post_content_style":"default","_bst_post_vertical_padding":"default","_bst_post_feature":"","_bst_post_feature_position":"","_bst_post_header":false,"_bst_post_footer":false,"_joinchat":[]},"product_brand":[],"product_cat":[186],"product_tag":[],"product_brands":[],"class_list":{"0":"post-5388","1":"product","2":"type-product","3":"status-publish","4":"has-post-thumbnail","6":"product_cat-protecao","8":"first","9":"instock","10":"shipping-taxable","11":"product-type-variable","12":"entry","13":"content-bg","14":"loop-entry"},"_links":{"self":[{"href":"https:\/\/lusomunifix.pt\/en\/wp-json\/wp\/v2\/product\/5388","targetHints":{"allow":["GET"]}}],"collection":[{"href":"https:\/\/lusomunifix.pt\/en\/wp-json\/wp\/v2\/product"}],"about":[{"href":"https:\/\/lusomunifix.pt\/en\/wp-json\/wp\/v2\/types\/product"}],"replies":[{"embeddable":true,"href":"https:\/\/lusomunifix.pt\/en\/wp-json\/wp\/v2\/comments?post=5388"}],"wp:featuredmedia":[{"embeddable":true,"href":"https:\/\/lusomunifix.pt\/en\/wp-json\/wp\/v2\/media\/5395"}],"wp:attachment":[{"href":"https:\/\/lusomunifix.pt\/en\/wp-json\/wp\/v2\/media?parent=5388"}],"wp:term":[{"taxonomy":"product_brand","embeddable":true,"href":"https:\/\/lusomunifix.pt\/en\/wp-json\/wp\/v2\/product_brand?post=5388"},{"taxonomy":"product_cat","embeddable":true,"href":"https:\/\/lusomunifix.pt\/en\/wp-json\/wp\/v2\/product_cat?post=5388"},{"taxonomy":"product_tag","embeddable":true,"href":"https:\/\/lusomunifix.pt\/en\/wp-json\/wp\/v2\/product_tag?post=5388"},{"taxonomy":"product_brands","embeddable":true,"href":"https:\/\/lusomunifix.pt\/en\/wp-json\/wp\/v2\/product_brands?post=5388"}],"curies":[{"name":"wp","href":"https:\/\/api.w.org\/{rel}","templated":true}]}}